{"id":11984,"date":"2021-11-17T08:19:53","date_gmt":"2021-11-17T07:19:53","guid":{"rendered":"https:\/\/kraeuterschwein.ch\/producteurs\/"},"modified":"2024-12-16T14:48:17","modified_gmt":"2024-12-16T13:48:17","slug":"producteurs","status":"publish","type":"page","link":"https:\/\/kraeuterschwein.ch\/fr\/producteurs\/","title":{"rendered":"Producteurs"},"content":{"rendered":"[vc_row css_animation=\u00a0\u00bb\u00a0\u00bb row_type=\u00a0\u00bbrow\u00a0\u00bb use_row_as_full_screen_section=\u00a0\u00bbno\u00a0\u00bb type=\u00a0\u00bbfull_width\u00a0\u00bb angled_section=\u00a0\u00bbno\u00a0\u00bb text_align=\u00a0\u00bbleft\u00a0\u00bb background_image_as_pattern=\u00a0\u00bbwithout_pattern\u00a0\u00bb][vc_column width=\u00a0\u00bb1\/2&Prime;][vc_gallery interval=\u00a0\u00bb5&Prime; images=\u00a0\u00bb11899,11902,11901,11900,12014&Prime; img_size=\u00a0\u00bb500&#215;350&Prime; direction_nav=\u00a0\u00bbyes\u00a0\u00bb control_nav=\u00a0\u00bbyes\u00a0\u00bb show_image_description=\u00a0\u00bbyes\u00a0\u00bb pause_on_hover=\u00a0\u00bbyes\u00a0\u00bb][\/vc_column][vc_column width=\u00a0\u00bb1\/2&Prime;][vc_column_text]\n<h3>FAMILLE FURRER<\/h3>\n[\/vc_column_text][vc_column_text]\n<h5>Gunzwil LU, Sonneweid<\/h5>\n[\/vc_column_text][vc_empty_space][vc_column_text]La ferme des Furrer est situ\u00e9e au milieu d\u2019un paysage verdoyant. Jusqu\u2019\u00e0 il y a environ 10 ans, la famille Furrer habitait au milieu du village avant de d\u00e9m\u00e9nager en 2009. Ils ont trois enfants adultes \u2013 Matthias, Lea et Basil. La ferme un peu retir\u00e9e, situ\u00e9e dans un cadre idyllique comprend pr\u00e8s de 20 hectares de surface agricole utile, occup\u00e9s par des grandes cultures. En outre, ils \u00e9l\u00e8vent 400 porcs aux herbes.[\/vc_column_text][vc_empty_space][vc_column_text]\n<h6><em>\u00abC\u2019est une viande qu\u2019il faut absolument avoir go\u00fbt\u00e9e au moins une fois!\u00bb<\/em><\/h6>\n[\/vc_column_text][vc_empty_space][vc_column_text]<em>\u00abEn Suisse, le mode de d\u00e9tention des porcs est presque partout exemplaire et optimal. Aujourd\u2019hui, le seul moyen de se d\u00e9marquer est donc de proposer un produit de qualit\u00e9 sp\u00e9cifique. Le projet \u00abPorcs aux herbes\u00bb nous a impressionn\u00e9s. C\u2019est pourquoi nous avons d\u00e9cid\u00e9 d\u2019y participer. Nous recevons beaucoup de retours positifs de la part des passants concernant le mode de d\u00e9tention et des consommateurs concernant la qualit\u00e9 et la saveur de la viande. C\u2019est une viande qu\u2019il faut absolument avoir go\u00fbt\u00e9e au moins une fois!\u00bb<\/em>[\/vc_column_text][\/vc_column][\/vc_row][vc_row css_animation=\u00a0\u00bb\u00a0\u00bb row_type=\u00a0\u00bbrow\u00a0\u00bb use_row_as_full_screen_section=\u00a0\u00bbno\u00a0\u00bb type=\u00a0\u00bbfull_width\u00a0\u00bb angled_section=\u00a0\u00bbno\u00a0\u00bb text_align=\u00a0\u00bbleft\u00a0\u00bb background_image_as_pattern=\u00a0\u00bbwithout_pattern\u00a0\u00bb][vc_column][vc_empty_space][vc_separator type=\u00a0\u00bbnormal\u00a0\u00bb][vc_empty_space][\/vc_column][\/vc_row][vc_row css_animation=\u00a0\u00bb\u00a0\u00bb row_type=\u00a0\u00bbrow\u00a0\u00bb use_row_as_full_screen_section=\u00a0\u00bbno\u00a0\u00bb type=\u00a0\u00bbfull_width\u00a0\u00bb angled_section=\u00a0\u00bbno\u00a0\u00bb text_align=\u00a0\u00bbleft\u00a0\u00bb background_image_as_pattern=\u00a0\u00bbwithout_pattern\u00a0\u00bb][vc_column width=\u00a0\u00bb1\/2&Prime;][vc_gallery interval=\u00a0\u00bb5&Prime; images=\u00a0\u00bb11879,11881,11880,11882,11883&Prime; img_size=\u00a0\u00bb500&#215;350&Prime; direction_nav=\u00a0\u00bbyes\u00a0\u00bb control_nav=\u00a0\u00bbyes\u00a0\u00bb show_image_description=\u00a0\u00bbyes\u00a0\u00bb pause_on_hover=\u00a0\u00bbyes\u00a0\u00bb][\/vc_column][vc_column width=\u00a0\u00bb1\/2&Prime;][vc_column_text]\n<h3>PASCAL SCHLUP<\/h3>\n[\/vc_column_text][vc_column_text]\n<h5>LENGNAU BE<\/h5>\n[\/vc_column_text][vc_empty_space][vc_column_text]Dans leur exploitation, Pascal Schlup et son p\u00e8re Marcel cultivent des c\u00e9r\u00e9ales, du colza, du ma\u00efs et des betteraves sucri\u00e8res sur une surface agricole de 20 ha. Ils disposent de 400 places d\u2019engraissement pour les porcs aux herbes.[\/vc_column_text][vc_empty_space][vc_column_text]\n<h6><em>\u00abLes animaux [&#8230;] sont en excellente sant\u00e9 tout au long de l\u2019engraissement\u00bb.<\/em><\/h6>\n[\/vc_column_text][vc_empty_space][vc_column_text]<em>\u00abL\u2019int\u00e9r\u00eat des consommateurs pour les porcs aux herbes est tr\u00e8s grand. Les animaux sont tr\u00e8s calmes et sont en excellente sant\u00e9 tout au long de l\u2019engraissement. Les porcs aux herbes ont acc\u00e8s \u00e0 l\u2019ext\u00e9rieur 24 heures sur 24. Comme les porcs ne peuvent pas transpirer, nous veillons \u00e0 une bonne a\u00e9ration et, en \u00e9t\u00e9, nous mettons une douche rafra\u00eechissante \u00e0 leur disposition.\u00bb<\/em>[\/vc_column_text][\/vc_column][\/vc_row][vc_row css_animation=\u00a0\u00bb\u00a0\u00bb row_type=\u00a0\u00bbrow\u00a0\u00bb use_row_as_full_screen_section=\u00a0\u00bbno\u00a0\u00bb type=\u00a0\u00bbfull_width\u00a0\u00bb angled_section=\u00a0\u00bbno\u00a0\u00bb text_align=\u00a0\u00bbleft\u00a0\u00bb background_image_as_pattern=\u00a0\u00bbwithout_pattern\u00a0\u00bb][vc_column][vc_empty_space][vc_separator type=\u00a0\u00bbnormal\u00a0\u00bb][vc_empty_space][\/vc_column][\/vc_row][vc_row css_animation=\u00a0\u00bb\u00a0\u00bb row_type=\u00a0\u00bbrow\u00a0\u00bb use_row_as_full_screen_section=\u00a0\u00bbno\u00a0\u00bb type=\u00a0\u00bbfull_width\u00a0\u00bb angled_section=\u00a0\u00bbno\u00a0\u00bb text_align=\u00a0\u00bbleft\u00a0\u00bb background_image_as_pattern=\u00a0\u00bbwithout_pattern\u00a0\u00bb][vc_column width=\u00a0\u00bb1\/2&Prime;][vc_gallery interval=\u00a0\u00bb5&Prime; images=\u00a0\u00bb12430,12418,12420&Prime; img_size=\u00a0\u00bb500&#215;350&Prime; direction_nav=\u00a0\u00bbyes\u00a0\u00bb control_nav=\u00a0\u00bbyes\u00a0\u00bb show_image_description=\u00a0\u00bbyes\u00a0\u00bb pause_on_hover=\u00a0\u00bbyes\u00a0\u00bb][\/vc_column][vc_column width=\u00a0\u00bb1\/2&Prime;][vc_column_text]\n<h3>Alois Pfister<\/h3>\n[\/vc_column_text][vc_column_text]\n<h5>Goldigen SG, Fromagerie<\/h5>\n[\/vc_column_text][vc_empty_space][vc_column_text]La fromagerie de Wisi Pfister est situ\u00e9e au c\u0153ur du petit village de Goldingen. Non loin de l\u00e0, un peu \u00e0 l\u2019\u00e9cart du village se trouve son \u00e9levage porcin avec 480 places d\u2019engraissement.[\/vc_column_text][vc_column_text]Wisi Pfister est renomm\u00e9 loin \u00e0 la ronde pour la qualit\u00e9 exceptionnelle de son fromage. Son Appenzeller sp\u00e9cial, le Goldinger et l\u2019Atzm\u00e4nnig Bergk\u00e4se sont tr\u00e8s pris\u00e9s. Les amateurs n\u2019h\u00e9sitent pas \u00e0 faire le d\u00e9placement et viennent de loin jusqu\u2019\u00e0 Goldingen pour acheter ces d\u00e9lices. De plus, il collabore avec Nat\u00fcrli Z\u00fcrioberland, un distributeur qui commercialise volontiers ses produits. On le voit, le fromager est un professionnel qui souhaiterait d\u2019ailleurs transmettre son savoir-faire. Ce serait vraiment regrettable que tout ce savoir se perde.[\/vc_column_text][vc_empty_space][vc_column_text]\n<h6><em>\u00ab Le client recherche la qualit\u00e9 \u2013 que ce soit pour mon fromage ou pour la viande de porc \u00bb.<\/em><\/h6>\n[\/vc_column_text][vc_empty_space][vc_column_text]La porcherie, construite en 2006 selon les normes du label, offre un vaste espace aux porcs. Actuellement, Wisi \u00e9l\u00e8ve 480 porcs, bien en dessous de la limite autoris\u00e9e de 600. Sa relation privil\u00e9gi\u00e9e avec ces animaux l\u2019incite \u00e0 leur garantir un confort optimal.[\/vc_column_text][vc_empty_space][vc_column_text]\n<h6><em>\u00ab Je suis convaincu que les porcs ont tout \u00e0 gagner \u00e0 b\u00e9n\u00e9ficier d\u2019un espace plus vaste que ce qui est habituellement prescrit \u00bb.<\/em><\/h6>\n[\/vc_column_text][vc_empty_space][vc_column_text]Il est important de souligner la vue imprenable sur le lac de Zurich dont b\u00e9n\u00e9ficient les porcs. En plus des sous-produits de la fabrication du fromage, les porcs re\u00e7oivent un compl\u00e9ment alimentaire FORS \u00e9labor\u00e9 \u00e0 partir d\u2019herbes sp\u00e9ciales. Depuis le printemps 2021, Wisi s\u2019est en effet lanc\u00e9 dans la production du porc aux herbes.[\/vc_column_text][vc_empty_space][vc_column_text]<em>\u00ab Je pense que c\u2019est une excellente id\u00e9e de pouvoir offrir, autant pour la viande que pour le fromage, un produit de qualit\u00e9 qui se distingue aux yeux du consommateur. Par ailleurs, j\u2019ai la conviction que les herbes dans leur alimentation ont un impact positif sur la digestion des animaux et contribuent \u00e0 leur robustesse<\/em>[\/vc_column_text][\/vc_column][\/vc_row][vc_row css_animation=\u00a0\u00bb\u00a0\u00bb row_type=\u00a0\u00bbrow\u00a0\u00bb use_row_as_full_screen_section=\u00a0\u00bbno\u00a0\u00bb type=\u00a0\u00bbfull_width\u00a0\u00bb angled_section=\u00a0\u00bbno\u00a0\u00bb text_align=\u00a0\u00bbleft\u00a0\u00bb background_image_as_pattern=\u00a0\u00bbwithout_pattern\u00a0\u00bb][vc_column][vc_empty_space height=\u00a0\u00bb80px\u00a0\u00bb][\/vc_column][\/vc_row]\n","protected":false},"excerpt":{"rendered":"<p>[vc_row css_animation=\u00a0\u00bb\u00a0\u00bb row_type=\u00a0\u00bbrow\u00a0\u00bb use_row_as_full_screen_section=\u00a0\u00bbno\u00a0\u00bb type=\u00a0\u00bbfull_width\u00a0\u00bb angled_section=\u00a0\u00bbno\u00a0\u00bb text_align=\u00a0\u00bbleft\u00a0\u00bb background_image_as_pattern=\u00a0\u00bbwithout_pattern\u00a0\u00bb][vc_column width=\u00a0\u00bb1\/2&Prime;][vc_gallery interval=\u00a0\u00bb5&Prime; images=\u00a0\u00bb11899,11902,11901,11900,12014&Prime; img_size=\u00a0\u00bb500&#215;350&Prime; direction_nav=\u00a0\u00bbyes\u00a0\u00bb control_nav=\u00a0\u00bbyes\u00a0\u00bb show_image_description=\u00a0\u00bbyes\u00a0\u00bb pause_on_hover=\u00a0\u00bbyes\u00a0\u00bb][\/vc_column][vc_column width=\u00a0\u00bb1\/2&Prime;][vc_column_text] FAMILLE FURRER [\/vc_column_text][vc_column_text] Gunzwil LU, Sonneweid [\/vc_column_text][vc_empty_space][vc_column_text]La ferme des Furrer est situ\u00e9e au milieu d\u2019un paysage verdoyant. Jusqu\u2019\u00e0 il y a environ 10 ans, la famille Furrer habitait&#8230;<\/p>\n","protected":false},"author":13,"featured_media":0,"parent":0,"menu_order":0,"comment_status":"closed","ping_status":"closed","template":"","meta":[],"yoast_head":"<!-- This site is optimized with the Yoast SEO plugin v19.6 - https:\/\/yoast.com\/wordpress\/plugins\/seo\/ -->\n<title>Producteurs | Kr\u00e4uterschwein<\/title>\n<meta name=\"robots\" content=\"index, follow, max-snippet:-1, max-image-preview:large, max-video-preview:-1\" \/>\n<link rel=\"canonical\" href=\"https:\/\/kraeuterschwein.ch\/fr\/producteurs\/\" \/>\n<meta property=\"og:locale\" content=\"fr_FR\" \/>\n<meta property=\"og:type\" content=\"article\" \/>\n<meta property=\"og:title\" content=\"Producteurs | Kr\u00e4uterschwein\" \/>\n<meta property=\"og:description\" content=\"[vc_row css_animation=\u00a0\u00bb\u00a0\u00bb row_type=\u00a0\u00bbrow\u00a0\u00bb use_row_as_full_screen_section=\u00a0\u00bbno\u00a0\u00bb type=\u00a0\u00bbfull_width\u00a0\u00bb angled_section=\u00a0\u00bbno\u00a0\u00bb text_align=\u00a0\u00bbleft\u00a0\u00bb background_image_as_pattern=\u00a0\u00bbwithout_pattern\u00a0\u00bb][vc_column width=\u00a0\u00bb1\/2&Prime;][vc_gallery interval=\u00a0\u00bb5&Prime; images=\u00a0\u00bb11899,11902,11901,11900,12014&Prime; img_size=\u00a0\u00bb500&#215;350&Prime; direction_nav=\u00a0\u00bbyes\u00a0\u00bb control_nav=\u00a0\u00bbyes\u00a0\u00bb show_image_description=\u00a0\u00bbyes\u00a0\u00bb pause_on_hover=\u00a0\u00bbyes\u00a0\u00bb][\/vc_column][vc_column width=\u00a0\u00bb1\/2&Prime;][vc_column_text] FAMILLE FURRER [\/vc_column_text][vc_column_text] Gunzwil LU, Sonneweid [\/vc_column_text][vc_empty_space][vc_column_text]La ferme des Furrer est situ\u00e9e au milieu d\u2019un paysage verdoyant. Jusqu\u2019\u00e0 il y a environ 10 ans, la famille Furrer habitait...\" \/>\n<meta property=\"og:url\" content=\"https:\/\/kraeuterschwein.ch\/fr\/producteurs\/\" \/>\n<meta property=\"og:site_name\" content=\"Kr\u00e4uterschwein\" \/>\n<meta property=\"article:modified_time\" content=\"2024-12-16T13:48:17+00:00\" \/>\n<meta name=\"twitter:card\" content=\"summary\" \/>\n<meta name=\"twitter:label1\" content=\"Dur\u00e9e de lecture estim\u00e9e\" \/>\n\t<meta name=\"twitter:data1\" content=\"4 minutes\" \/>\n<script type=\"application\/ld+json\" class=\"yoast-schema-graph\">{\"@context\":\"https:\/\/schema.org\",\"@graph\":[{\"@type\":\"WebPage\",\"@id\":\"https:\/\/kraeuterschwein.ch\/fr\/producteurs\/\",\"url\":\"https:\/\/kraeuterschwein.ch\/fr\/producteurs\/\",\"name\":\"Producteurs | Kr\u00e4uterschwein\",\"isPartOf\":{\"@id\":\"https:\/\/kraeuterschwein.ch\/fr\/#website\"},\"datePublished\":\"2021-11-17T07:19:53+00:00\",\"dateModified\":\"2024-12-16T13:48:17+00:00\",\"breadcrumb\":{\"@id\":\"https:\/\/kraeuterschwein.ch\/fr\/producteurs\/#breadcrumb\"},\"inLanguage\":\"fr-FR\",\"potentialAction\":[{\"@type\":\"ReadAction\",\"target\":[\"https:\/\/kraeuterschwein.ch\/fr\/producteurs\/\"]}]},{\"@type\":\"BreadcrumbList\",\"@id\":\"https:\/\/kraeuterschwein.ch\/fr\/producteurs\/#breadcrumb\",\"itemListElement\":[{\"@type\":\"ListItem\",\"position\":1,\"name\":\"Home\",\"item\":\"https:\/\/kraeuterschwein.ch\/fr\/\"},{\"@type\":\"ListItem\",\"position\":2,\"name\":\"Producteurs\"}]},{\"@type\":\"WebSite\",\"@id\":\"https:\/\/kraeuterschwein.ch\/fr\/#website\",\"url\":\"https:\/\/kraeuterschwein.ch\/fr\/\",\"name\":\"Kr\u00e4uterschwein\",\"description\":\"Tout au naturel pour la meilleure des viandes\",\"publisher\":{\"@id\":\"https:\/\/kraeuterschwein.ch\/fr\/#organization\"},\"potentialAction\":[{\"@type\":\"SearchAction\",\"target\":{\"@type\":\"EntryPoint\",\"urlTemplate\":\"https:\/\/kraeuterschwein.ch\/fr\/?s={search_term_string}\"},\"query-input\":\"required name=search_term_string\"}],\"inLanguage\":\"fr-FR\"},{\"@type\":\"Organization\",\"@id\":\"https:\/\/kraeuterschwein.ch\/fr\/#organization\",\"name\":\"Kr\u00e4uterschwein\",\"url\":\"https:\/\/kraeuterschwein.ch\/fr\/\",\"sameAs\":[],\"logo\":{\"@type\":\"ImageObject\",\"inLanguage\":\"fr-FR\",\"@id\":\"https:\/\/kraeuterschwein.ch\/fr\/#\/schema\/logo\/image\/\",\"url\":\"https:\/\/kraeuterschwein.ch\/wp-content\/uploads\/2022\/05\/cropped-logo_schwein_icon.jpg\",\"contentUrl\":\"https:\/\/kraeuterschwein.ch\/wp-content\/uploads\/2022\/05\/cropped-logo_schwein_icon.jpg\",\"width\":512,\"height\":512,\"caption\":\"Kr\u00e4uterschwein\"},\"image\":{\"@id\":\"https:\/\/kraeuterschwein.ch\/fr\/#\/schema\/logo\/image\/\"}}]}<\/script>\n<!-- \/ Yoast SEO plugin. -->","yoast_head_json":{"title":"Producteurs | Kr\u00e4uterschwein","robots":{"index":"index","follow":"follow","max-snippet":"max-snippet:-1","max-image-preview":"max-image-preview:large","max-video-preview":"max-video-preview:-1"},"canonical":"https:\/\/kraeuterschwein.ch\/fr\/producteurs\/","og_locale":"fr_FR","og_type":"article","og_title":"Producteurs | Kr\u00e4uterschwein","og_description":"[vc_row css_animation=\u00a0\u00bb\u00a0\u00bb row_type=\u00a0\u00bbrow\u00a0\u00bb use_row_as_full_screen_section=\u00a0\u00bbno\u00a0\u00bb type=\u00a0\u00bbfull_width\u00a0\u00bb angled_section=\u00a0\u00bbno\u00a0\u00bb text_align=\u00a0\u00bbleft\u00a0\u00bb background_image_as_pattern=\u00a0\u00bbwithout_pattern\u00a0\u00bb][vc_column width=\u00a0\u00bb1\/2&Prime;][vc_gallery interval=\u00a0\u00bb5&Prime; images=\u00a0\u00bb11899,11902,11901,11900,12014&Prime; img_size=\u00a0\u00bb500&#215;350&Prime; direction_nav=\u00a0\u00bbyes\u00a0\u00bb control_nav=\u00a0\u00bbyes\u00a0\u00bb show_image_description=\u00a0\u00bbyes\u00a0\u00bb pause_on_hover=\u00a0\u00bbyes\u00a0\u00bb][\/vc_column][vc_column width=\u00a0\u00bb1\/2&Prime;][vc_column_text] FAMILLE FURRER [\/vc_column_text][vc_column_text] Gunzwil LU, Sonneweid [\/vc_column_text][vc_empty_space][vc_column_text]La ferme des Furrer est situ\u00e9e au milieu d\u2019un paysage verdoyant. Jusqu\u2019\u00e0 il y a environ 10 ans, la famille Furrer habitait...","og_url":"https:\/\/kraeuterschwein.ch\/fr\/producteurs\/","og_site_name":"Kr\u00e4uterschwein","article_modified_time":"2024-12-16T13:48:17+00:00","twitter_card":"summary","twitter_misc":{"Dur\u00e9e de lecture estim\u00e9e":"4 minutes"},"schema":{"@context":"https:\/\/schema.org","@graph":[{"@type":"WebPage","@id":"https:\/\/kraeuterschwein.ch\/fr\/producteurs\/","url":"https:\/\/kraeuterschwein.ch\/fr\/producteurs\/","name":"Producteurs | Kr\u00e4uterschwein","isPartOf":{"@id":"https:\/\/kraeuterschwein.ch\/fr\/#website"},"datePublished":"2021-11-17T07:19:53+00:00","dateModified":"2024-12-16T13:48:17+00:00","breadcrumb":{"@id":"https:\/\/kraeuterschwein.ch\/fr\/producteurs\/#breadcrumb"},"inLanguage":"fr-FR","potentialAction":[{"@type":"ReadAction","target":["https:\/\/kraeuterschwein.ch\/fr\/producteurs\/"]}]},{"@type":"BreadcrumbList","@id":"https:\/\/kraeuterschwein.ch\/fr\/producteurs\/#breadcrumb","itemListElement":[{"@type":"ListItem","position":1,"name":"Home","item":"https:\/\/kraeuterschwein.ch\/fr\/"},{"@type":"ListItem","position":2,"name":"Producteurs"}]},{"@type":"WebSite","@id":"https:\/\/kraeuterschwein.ch\/fr\/#website","url":"https:\/\/kraeuterschwein.ch\/fr\/","name":"Kr\u00e4uterschwein","description":"Tout au naturel pour la meilleure des viandes","publisher":{"@id":"https:\/\/kraeuterschwein.ch\/fr\/#organization"},"potentialAction":[{"@type":"SearchAction","target":{"@type":"EntryPoint","urlTemplate":"https:\/\/kraeuterschwein.ch\/fr\/?s={search_term_string}"},"query-input":"required name=search_term_string"}],"inLanguage":"fr-FR"},{"@type":"Organization","@id":"https:\/\/kraeuterschwein.ch\/fr\/#organization","name":"Kr\u00e4uterschwein","url":"https:\/\/kraeuterschwein.ch\/fr\/","sameAs":[],"logo":{"@type":"ImageObject","inLanguage":"fr-FR","@id":"https:\/\/kraeuterschwein.ch\/fr\/#\/schema\/logo\/image\/","url":"https:\/\/kraeuterschwein.ch\/wp-content\/uploads\/2022\/05\/cropped-logo_schwein_icon.jpg","contentUrl":"https:\/\/kraeuterschwein.ch\/wp-content\/uploads\/2022\/05\/cropped-logo_schwein_icon.jpg","width":512,"height":512,"caption":"Kr\u00e4uterschwein"},"image":{"@id":"https:\/\/kraeuterschwein.ch\/fr\/#\/schema\/logo\/image\/"}}]}},"_links":{"self":[{"href":"https:\/\/kraeuterschwein.ch\/fr\/wp-json\/wp\/v2\/pages\/11984"}],"collection":[{"href":"https:\/\/kraeuterschwein.ch\/fr\/wp-json\/wp\/v2\/pages"}],"about":[{"href":"https:\/\/kraeuterschwein.ch\/fr\/wp-json\/wp\/v2\/types\/page"}],"author":[{"embeddable":true,"href":"https:\/\/kraeuterschwein.ch\/fr\/wp-json\/wp\/v2\/users\/13"}],"replies":[{"embeddable":true,"href":"https:\/\/kraeuterschwein.ch\/fr\/wp-json\/wp\/v2\/comments?post=11984"}],"version-history":[{"count":17,"href":"https:\/\/kraeuterschwein.ch\/fr\/wp-json\/wp\/v2\/pages\/11984\/revisions"}],"predecessor-version":[{"id":12481,"href":"https:\/\/kraeuterschwein.ch\/fr\/wp-json\/wp\/v2\/pages\/11984\/revisions\/12481"}],"wp:attachment":[{"href":"https:\/\/kraeuterschwein.ch\/fr\/wp-json\/wp\/v2\/media?parent=11984"}],"curies":[{"name":"wp","href":"https:\/\/api.w.org\/{rel}","templated":true}]}}