{"id":12034,"date":"2016-05-10T22:50:28","date_gmt":"2016-05-10T20:50:28","guid":{"rendered":"https:\/\/kraeuterschwein.ch\/la-difference\/"},"modified":"2023-03-24T16:29:00","modified_gmt":"2023-03-24T15:29:00","slug":"la-difference","status":"publish","type":"page","link":"https:\/\/kraeuterschwein.ch\/fr\/la-difference\/","title":{"rendered":"La Diff\u00e9rence"},"content":{"rendered":"[vc_row css_animation=\u00a0\u00bb\u00a0\u00bb row_type=\u00a0\u00bbrow\u00a0\u00bb use_row_as_full_screen_section=\u00a0\u00bbno\u00a0\u00bb type=\u00a0\u00bbfull_width\u00a0\u00bb angled_section=\u00a0\u00bbno\u00a0\u00bb text_align=\u00a0\u00bbleft\u00a0\u00bb background_image_as_pattern=\u00a0\u00bbwithout_pattern\u00a0\u00bb z_index=\u00a0\u00bb\u00a0\u00bb][vc_column width=\u00a0\u00bb3\/5&Prime;][vc_column_text]\n<h3><strong>Caract\u00e8re naturel et bien-\u00eatre animal<\/strong><\/h3>\n<p>Seuls des agriculteurs suisses s\u00e9lectionn\u00e9s, qui r\u00e9pondent \u00e0 nos exigences \u00e9lev\u00e9es en mati\u00e8re de d\u00e9tention animale, d\u2019alimentation et d\u2019\u00e9levage, sont habilit\u00e9s \u00e0 produire de la viande aux herbes. Les animaux sont nourris avec les aliments FORS naturels et de premi\u00e8re qualit\u00e9 et re\u00e7oivent \u00e9galement un m\u00e9lange sp\u00e9cial d\u2019herbes. La recette est strictement confidentielle. Les animaux ont plus de vitalit\u00e9 et les herbes embaument en outre l\u2019air de l\u2019\u00e9table ce qui a un effet positif durable sur la sant\u00e9 des animaux.<div class=\"su-spacer\" style=\"height:20px\"><\/div><div class=\"su-spacer\" style=\"height:20px\"><\/div>\n<h3><strong>Qualit\u00e9 plut\u00f4t que quantit\u00e9<\/strong><\/h3>\n<p>Aujourd\u2019hui, les consommateurs sont de plus en plus nombreux \u00e0 pr\u00e9f\u00e9rer manger moins de viande, mais de la viande de qualit\u00e9 sup\u00e9rieure. La viande aux herbes r\u00e9pond \u00e0 ce besoin \u00e0 tous points de vue. La viande perd beaucoup moins d\u2019eau lors du stockage et de la cuisson, ce qui la rend tr\u00e8s juteuse et tendre. Son go\u00fbt aromatis\u00e9 et d\u00e9licat convainc m\u00eame les critiques les plus s\u00e9v\u00e8res. Lors de nombreuses d\u00e9gustations \u00e0 l\u2019aveugle, jusqu\u2019\u00e0 90% des testeurs ont pr\u00e9f\u00e9r\u00e9 la viande aux herbes.<div class=\"su-spacer\" style=\"height:20px\"><\/div><div class=\"su-spacer\" style=\"height:20px\"><\/div>\n<h3><strong>Sant\u00e9 et go\u00fbt<\/strong><\/h3>\n<p>Les graisses s\u2019oxydent lorsqu\u2019elles sont expos\u00e9es \u00e0 l\u2019oxyg\u00e8ne et \u00e0 la chaleur, lib\u00e9rant des produits d\u2019oxydation ind\u00e9sirables. Ceux-ci alt\u00e8rent non seulement le go\u00fbt de la viande, mais sont \u00e9galement n\u00e9fastes pour la sant\u00e9. Ce processus d\u2019oxydation est fortement ralenti dans le cas du porc aux herbes. Les herbes prot\u00e8gent durablement la graisse de la viande contre l\u2019oxydation. De nombreuses analyses le prouvent. La viande aux herbes est donc non seulement meilleure, mais elle est aussi plus saine. Les bouchers sont \u00e9galement enthousiastes, car la viande aux herbes est id\u00e9ale pour la transformation en produits de longue conservation comme le jambon ou le lard et que sa qualit\u00e9 perdure m\u00eame en cas de stockage prolong\u00e9.<div class=\"su-spacer\" style=\"height:20px\"><\/div><div class=\"su-spacer\" style=\"height:20px\"><\/div>\n<h3><strong>Responsabilit\u00e9 et swissness<\/strong><\/h3>\n<p>Il nous tient \u00e0 c\u0153ur que dans notre pays, les consommateurs puissent disposer de produits de qualit\u00e9 sup\u00e9rieure d\u2019origine suisse. La qualit\u00e9 est donc notre priorit\u00e9. C\u2019est pourquoi nous contr\u00f4lons toutes les \u00e9tapes de la production de viande aux herbes, du producteur au comptoir. Nous pouvons ainsi garantir \u00e0 nos consommateurs un plaisir gustatif unique avec notre viande aux herbes.[\/vc_column_text][\/vc_column][vc_column width=\u00a0\u00bb2\/5&Prime;][vc_single_image image=\u00a0\u00bb12201&Prime; img_size=\u00a0\u00bbfull\u00a0\u00bb qode_css_animation=\u00a0\u00bb\u00a0\u00bb][vc_empty_space height=\u00a0\u00bb50px\u00a0\u00bb][vc_single_image image=\u00a0\u00bb12203&Prime; img_size=\u00a0\u00bbfull\u00a0\u00bb qode_css_animation=\u00a0\u00bb\u00a0\u00bb][\/vc_column][\/vc_row][vc_row css_animation=\u00a0\u00bb\u00a0\u00bb row_type=\u00a0\u00bbrow\u00a0\u00bb use_row_as_full_screen_section=\u00a0\u00bbno\u00a0\u00bb type=\u00a0\u00bbfull_width\u00a0\u00bb angled_section=\u00a0\u00bbno\u00a0\u00bb text_align=\u00a0\u00bbleft\u00a0\u00bb background_image_as_pattern=\u00a0\u00bbwithout_pattern\u00a0\u00bb][vc_column][vc_empty_space height=\u00a0\u00bb50px\u00a0\u00bb][\/vc_column][\/vc_row][vc_row css_animation=\u00a0\u00bb\u00a0\u00bb row_type=\u00a0\u00bbrow\u00a0\u00bb use_row_as_full_screen_section=\u00a0\u00bbno\u00a0\u00bb type=\u00a0\u00bbfull_width\u00a0\u00bb angled_section=\u00a0\u00bbno\u00a0\u00bb text_align=\u00a0\u00bbcenter\u00a0\u00bb background_image_as_pattern=\u00a0\u00bbwithout_pattern\u00a0\u00bb z_index=\u00a0\u00bb\u00a0\u00bb][vc_column width=\u00a0\u00bb1\/3&Prime;][\/vc_column][vc_column width=\u00a0\u00bb1\/3&Prime;]<a  itemprop=\"url\" href=\"\/fr\/acheter\/\" target=\"_self\"  class=\"qbutton  default\" style=\"\">Go\u00fbtez sans tarder<\/a>[\/vc_column][vc_column width=\u00a0\u00bb1\/3&Prime;][\/vc_column][\/vc_row][vc_row css_animation=\u00a0\u00bb\u00a0\u00bb row_type=\u00a0\u00bbrow\u00a0\u00bb use_row_as_full_screen_section=\u00a0\u00bbno\u00a0\u00bb type=\u00a0\u00bbfull_width\u00a0\u00bb angled_section=\u00a0\u00bbno\u00a0\u00bb text_align=\u00a0\u00bbleft\u00a0\u00bb background_image_as_pattern=\u00a0\u00bbwithout_pattern\u00a0\u00bb][vc_column][vc_empty_space height=\u00a0\u00bb100px\u00a0\u00bb][\/vc_column][\/vc_row][vc_row row_type=\u00a0\u00bbparallax\u00a0\u00bb parallax_content_width=\u00a0\u00bbin_grid\u00a0\u00bb text_align=\u00a0\u00bbcenter\u00a0\u00bb full_screen_section_height=\u00a0\u00bbno\u00a0\u00bb background_image=\u00a0\u00bb121&Prime;][vc_column][qode_elements_holder number_of_columns=\u00a0\u00bbone_column\u00a0\u00bb][qode_elements_holder_item cover=\u00a0\u00bbyes\u00a0\u00bb advanced_animations=\u00a0\u00bbno\u00a0\u00bb item_padding=\u00a0\u00bb30px 0 72px 0&Prime; background_image=\u00a0\u00bb12215&Prime; background_color=\u00a0\u00bb#0a0a0a\u00a0\u00bb]<div class='testimonials_c_holder clearfix dark'><div class=\"testimonials_c testimonials_c_carousel\" data-show-navigation=\"yes\" data-animation-speed=\"\" data-auto-rotate-slides=\"10\" data-number-per-slide=\"2\"><ul class=\"slides\">Sorry, no posts matched your criteria.<\/ul><\/div><\/div>[\/qode_elements_holder_item][\/qode_elements_holder][\/vc_column][\/vc_row][vc_row css_animation=\u00a0\u00bb\u00a0\u00bb row_type=\u00a0\u00bbrow\u00a0\u00bb use_row_as_full_screen_section=\u00a0\u00bbno\u00a0\u00bb type=\u00a0\u00bbfull_width\u00a0\u00bb angled_section=\u00a0\u00bbno\u00a0\u00bb text_align=\u00a0\u00bbleft\u00a0\u00bb background_image_as_pattern=\u00a0\u00bbwithout_pattern\u00a0\u00bb][vc_column][vc_empty_space height=\u00a0\u00bb100px\u00a0\u00bb][\/vc_column][\/vc_row][vc_row css_animation=\u00a0\u00bb\u00a0\u00bb row_type=\u00a0\u00bbrow\u00a0\u00bb use_row_as_full_screen_section=\u00a0\u00bbno\u00a0\u00bb type=\u00a0\u00bbfull_width\u00a0\u00bb angled_section=\u00a0\u00bbno\u00a0\u00bb text_align=\u00a0\u00bbleft\u00a0\u00bb background_image_as_pattern=\u00a0\u00bbwithout_pattern\u00a0\u00bb][vc_column width=\u00a0\u00bb1\/3&Prime;][vc_single_image image=\u00a0\u00bb12205&Prime; img_size=\u00a0\u00bbfull\u00a0\u00bb qode_css_animation=\u00a0\u00bb\u00a0\u00bb][\/vc_column][vc_column width=\u00a0\u00bb2\/3&Prime;][vc_column_text]\n<h3>La recherche pour de meilleurs produits<\/h3>\n<p>Depuis le d\u00e9but de ce si\u00e8cle, avec nos partenaires, nous \u00e9tudions l\u2019efficacit\u00e9 de diff\u00e9rentes herbes et \u00e9pices sur la sant\u00e9 animale et la sapidit\u00e9 de la viande. De nombreuses exp\u00e9riences ont \u00e9t\u00e9 men\u00e9es, notamment sur les porcs. Nous avons constat\u00e9 qu\u2019il \u00e9tait possible d\u2019exercer une influence tant sur la sant\u00e9 des animaux que sur la composition de la graisse. Des d\u00e9gustations ont par la suite confirm\u00e9 que le fait d\u2019administrer des herbes aromatiques sp\u00e9ciales aux animaux apportait des changements dans le go\u00fbt de la viande. Enfin, des projets de coop\u00e9ration avec des universit\u00e9s en Suisse et \u00e0 l\u2019\u00e9tranger ont permis de confirmer les r\u00e9sultats scientifiques suivants: un m\u00e9lange sp\u00e9cial d\u2019herbes aromatiques influence la composition et les propri\u00e9t\u00e9s de la graisse et am\u00e9liore nettement le go\u00fbt de la viande.<\/p>\n<p>Aujourd\u2019hui, nous produisons avec succ\u00e8s de la viande de porc et de veau aux herbes pour le march\u00e9 suisse. La demande est \u00e9norme. C\u2019est pourquoi nous essayons en permanence d\u2019\u00e9largir notre gamme de produits.[\/vc_column_text][\/vc_column][\/vc_row][vc_row css_animation=\u00a0\u00bb\u00a0\u00bb row_type=\u00a0\u00bbrow\u00a0\u00bb use_row_as_full_screen_section=\u00a0\u00bbno\u00a0\u00bb type=\u00a0\u00bbfull_width\u00a0\u00bb angled_section=\u00a0\u00bbno\u00a0\u00bb text_align=\u00a0\u00bbleft\u00a0\u00bb background_image_as_pattern=\u00a0\u00bbwithout_pattern\u00a0\u00bb][vc_column][vc_empty_space][\/vc_column][\/vc_row][vc_row css_animation=\u00a0\u00bb\u00a0\u00bb row_type=\u00a0\u00bbrow\u00a0\u00bb use_row_as_full_screen_section=\u00a0\u00bbno\u00a0\u00bb type=\u00a0\u00bbfull_width\u00a0\u00bb angled_section=\u00a0\u00bbno\u00a0\u00bb text_align=\u00a0\u00bbleft\u00a0\u00bb background_image_as_pattern=\u00a0\u00bbwithout_pattern\u00a0\u00bb][vc_column width=\u00a0\u00bb1\/3&Prime;][vc_single_image image=\u00a0\u00bb12207&Prime; img_size=\u00a0\u00bbfull\u00a0\u00bb qode_css_animation=\u00a0\u00bb\u00a0\u00bb][\/vc_column][vc_column width=\u00a0\u00bb2\/3&Prime;][vc_column_text]\n<h3><strong>Tout est une question d\u2019herbes<\/strong><\/h3>\n<p>On sait depuis des ann\u00e9es que certaines herbes aromatiques ont des effets b\u00e9n\u00e9fiques sur l\u2019organisme tant chez l\u2019homme que chez l\u2019animal. Elles permettent m\u00eame d\u2019influencer certains processus m\u00e9taboliques. Des ann\u00e9es de recherche ont prouv\u00e9 que ces processus ont \u00e9galement une influence sur le go\u00fbt de la viande. Nous avons utilis\u00e9 ces connaissances pour cr\u00e9er une exp\u00e9rience gustative unique.[\/vc_column_text][\/vc_column][\/vc_row][vc_row css_animation=\u00a0\u00bb\u00a0\u00bb row_type=\u00a0\u00bbrow\u00a0\u00bb use_row_as_full_screen_section=\u00a0\u00bbno\u00a0\u00bb type=\u00a0\u00bbfull_width\u00a0\u00bb angled_section=\u00a0\u00bbno\u00a0\u00bb text_align=\u00a0\u00bbleft\u00a0\u00bb background_image_as_pattern=\u00a0\u00bbwithout_pattern\u00a0\u00bb][vc_column][vc_empty_space][\/vc_column][\/vc_row][vc_row css_animation=\u00a0\u00bb\u00a0\u00bb row_type=\u00a0\u00bbrow\u00a0\u00bb use_row_as_full_screen_section=\u00a0\u00bbno\u00a0\u00bb type=\u00a0\u00bbfull_width\u00a0\u00bb angled_section=\u00a0\u00bbno\u00a0\u00bb text_align=\u00a0\u00bbleft\u00a0\u00bb background_image_as_pattern=\u00a0\u00bbwithout_pattern\u00a0\u00bb][vc_column width=\u00a0\u00bb1\/3&Prime;][vc_single_image image=\u00a0\u00bb12209&Prime; img_size=\u00a0\u00bbfull\u00a0\u00bb qode_css_animation=\u00a0\u00bb\u00a0\u00bb][\/vc_column][vc_column width=\u00a0\u00bb2\/3&Prime;][vc_column_text]\n<h3><strong>Quel effet?<\/strong><\/h3>\n<p>Entre autres, les herbes ralentissent l\u2019oxydation des graisses. L\u2019oxydation est un processus naturel qui se produit dans tous les produits carn\u00e9s. Toute oxydation entra\u00eene toutefois une alt\u00e9ration du go\u00fbt. Dans les cas extr\u00eames, on parle de rancissement. Mais les herbes aromatiques emp\u00eachent \u00e9galement le d\u00e9veloppement de ce go\u00fbt de porc typique, qui a tendance \u00e0 nous rebuter. L\u2019effet des herbes a fait l\u2019objet de recherches scientifiques et est prouv\u00e9.[\/vc_column_text][\/vc_column][\/vc_row][vc_row css_animation=\u00a0\u00bb\u00a0\u00bb row_type=\u00a0\u00bbrow\u00a0\u00bb use_row_as_full_screen_section=\u00a0\u00bbno\u00a0\u00bb type=\u00a0\u00bbfull_width\u00a0\u00bb angled_section=\u00a0\u00bbno\u00a0\u00bb text_align=\u00a0\u00bbleft\u00a0\u00bb background_image_as_pattern=\u00a0\u00bbwithout_pattern\u00a0\u00bb][vc_column][vc_empty_space height=\u00a0\u00bb50px\u00a0\u00bb][\/vc_column][\/vc_row][vc_row css_animation=\u00a0\u00bb\u00a0\u00bb row_type=\u00a0\u00bbrow\u00a0\u00bb use_row_as_full_screen_section=\u00a0\u00bbno\u00a0\u00bb type=\u00a0\u00bbfull_width\u00a0\u00bb angled_section=\u00a0\u00bbno\u00a0\u00bb text_align=\u00a0\u00bbcenter\u00a0\u00bb background_image_as_pattern=\u00a0\u00bbwithout_pattern\u00a0\u00bb z_index=\u00a0\u00bb\u00a0\u00bb][vc_column width=\u00a0\u00bb1\/3&Prime;][\/vc_column][vc_column width=\u00a0\u00bb1\/3&Prime;]<a  itemprop=\"url\" href=\"\/fr\/acheter\/\" target=\"_self\"  class=\"qbutton  default\" style=\"\">Go\u00fbtez sans tarder<\/a>[\/vc_column][vc_column width=\u00a0\u00bb1\/3&Prime;][\/vc_column][\/vc_row][vc_row css_animation=\u00a0\u00bb\u00a0\u00bb row_type=\u00a0\u00bbrow\u00a0\u00bb use_row_as_full_screen_section=\u00a0\u00bbno\u00a0\u00bb type=\u00a0\u00bbfull_width\u00a0\u00bb angled_section=\u00a0\u00bbno\u00a0\u00bb text_align=\u00a0\u00bbleft\u00a0\u00bb background_image_as_pattern=\u00a0\u00bbwithout_pattern\u00a0\u00bb][vc_column][vc_empty_space height=\u00a0\u00bb200px\u00a0\u00bb][\/vc_column][\/vc_row]\n","protected":false},"excerpt":{"rendered":"<p>[vc_row css_animation=\u00a0\u00bb\u00a0\u00bb row_type=\u00a0\u00bbrow\u00a0\u00bb use_row_as_full_screen_section=\u00a0\u00bbno\u00a0\u00bb type=\u00a0\u00bbfull_width\u00a0\u00bb angled_section=\u00a0\u00bbno\u00a0\u00bb text_align=\u00a0\u00bbleft\u00a0\u00bb background_image_as_pattern=\u00a0\u00bbwithout_pattern\u00a0\u00bb z_index=\u00a0\u00bb\u00a0\u00bb][vc_column width=\u00a0\u00bb3\/5&Prime;][vc_column_text] Caract\u00e8re naturel et bien-\u00eatre animal Seuls des agriculteurs suisses s\u00e9lectionn\u00e9s, qui r\u00e9pondent \u00e0 nos exigences \u00e9lev\u00e9es en mati\u00e8re de d\u00e9tention animale, d\u2019alimentation et d\u2019\u00e9levage, sont habilit\u00e9s \u00e0 produire de la viande aux herbes. Les animaux&#8230;<\/p>\n","protected":false},"author":13,"featured_media":0,"parent":0,"menu_order":0,"comment_status":"closed","ping_status":"closed","template":"","meta":[],"yoast_head":"<!-- This site is optimized with the Yoast SEO plugin v19.6 - https:\/\/yoast.com\/wordpress\/plugins\/seo\/ -->\n<title>La Diff\u00e9rence | Kr\u00e4uterschwein<\/title>\n<meta name=\"description\" content=\"La consommation de viande est soumise \u00e0 de nouvelles tendances que nous soutenons avec conviction : Qualit\u00e9, naturel, r\u00e9gionalit\u00e9 et responsabilit\u00e9.\" \/>\n<meta name=\"robots\" content=\"index, follow, max-snippet:-1, max-image-preview:large, max-video-preview:-1\" \/>\n<link rel=\"canonical\" href=\"https:\/\/kraeuterschwein.ch\/fr\/la-difference\/\" \/>\n<meta property=\"og:locale\" content=\"fr_FR\" \/>\n<meta property=\"og:type\" content=\"article\" \/>\n<meta property=\"og:title\" content=\"La Diff\u00e9rence | Kr\u00e4uterschwein\" \/>\n<meta property=\"og:description\" content=\"La consommation de viande est soumise \u00e0 de nouvelles tendances que nous soutenons avec conviction : Qualit\u00e9, naturel, r\u00e9gionalit\u00e9 et responsabilit\u00e9.\" \/>\n<meta property=\"og:url\" content=\"https:\/\/kraeuterschwein.ch\/fr\/la-difference\/\" \/>\n<meta property=\"og:site_name\" content=\"Kr\u00e4uterschwein\" \/>\n<meta property=\"article:modified_time\" content=\"2023-03-24T15:29:00+00:00\" \/>\n<meta name=\"twitter:card\" content=\"summary\" \/>\n<meta name=\"twitter:label1\" content=\"Dur\u00e9e de lecture estim\u00e9e\" \/>\n\t<meta name=\"twitter:data1\" content=\"5 minutes\" \/>\n<script type=\"application\/ld+json\" class=\"yoast-schema-graph\">{\"@context\":\"https:\/\/schema.org\",\"@graph\":[{\"@type\":\"WebPage\",\"@id\":\"https:\/\/kraeuterschwein.ch\/fr\/la-difference\/\",\"url\":\"https:\/\/kraeuterschwein.ch\/fr\/la-difference\/\",\"name\":\"La Diff\u00e9rence | Kr\u00e4uterschwein\",\"isPartOf\":{\"@id\":\"https:\/\/kraeuterschwein.ch\/fr\/#website\"},\"datePublished\":\"2016-05-10T20:50:28+00:00\",\"dateModified\":\"2023-03-24T15:29:00+00:00\",\"description\":\"La consommation de viande est soumise \u00e0 de nouvelles tendances que nous soutenons avec conviction : Qualit\u00e9, naturel, r\u00e9gionalit\u00e9 et responsabilit\u00e9.\",\"breadcrumb\":{\"@id\":\"https:\/\/kraeuterschwein.ch\/fr\/la-difference\/#breadcrumb\"},\"inLanguage\":\"fr-FR\",\"potentialAction\":[{\"@type\":\"ReadAction\",\"target\":[\"https:\/\/kraeuterschwein.ch\/fr\/la-difference\/\"]}]},{\"@type\":\"BreadcrumbList\",\"@id\":\"https:\/\/kraeuterschwein.ch\/fr\/la-difference\/#breadcrumb\",\"itemListElement\":[{\"@type\":\"ListItem\",\"position\":1,\"name\":\"Home\",\"item\":\"https:\/\/kraeuterschwein.ch\/fr\/\"},{\"@type\":\"ListItem\",\"position\":2,\"name\":\"La Diff\u00e9rence\"}]},{\"@type\":\"WebSite\",\"@id\":\"https:\/\/kraeuterschwein.ch\/fr\/#website\",\"url\":\"https:\/\/kraeuterschwein.ch\/fr\/\",\"name\":\"Kr\u00e4uterschwein\",\"description\":\"Tout au naturel pour la meilleure des viandes\",\"publisher\":{\"@id\":\"https:\/\/kraeuterschwein.ch\/fr\/#organization\"},\"potentialAction\":[{\"@type\":\"SearchAction\",\"target\":{\"@type\":\"EntryPoint\",\"urlTemplate\":\"https:\/\/kraeuterschwein.ch\/fr\/?s={search_term_string}\"},\"query-input\":\"required name=search_term_string\"}],\"inLanguage\":\"fr-FR\"},{\"@type\":\"Organization\",\"@id\":\"https:\/\/kraeuterschwein.ch\/fr\/#organization\",\"name\":\"Kr\u00e4uterschwein\",\"url\":\"https:\/\/kraeuterschwein.ch\/fr\/\",\"sameAs\":[],\"logo\":{\"@type\":\"ImageObject\",\"inLanguage\":\"fr-FR\",\"@id\":\"https:\/\/kraeuterschwein.ch\/fr\/#\/schema\/logo\/image\/\",\"url\":\"https:\/\/kraeuterschwein.ch\/wp-content\/uploads\/2022\/05\/cropped-logo_schwein_icon.jpg\",\"contentUrl\":\"https:\/\/kraeuterschwein.ch\/wp-content\/uploads\/2022\/05\/cropped-logo_schwein_icon.jpg\",\"width\":512,\"height\":512,\"caption\":\"Kr\u00e4uterschwein\"},\"image\":{\"@id\":\"https:\/\/kraeuterschwein.ch\/fr\/#\/schema\/logo\/image\/\"}}]}<\/script>\n<!-- \/ Yoast SEO plugin. -->","yoast_head_json":{"title":"La Diff\u00e9rence | Kr\u00e4uterschwein","description":"La consommation de viande est soumise \u00e0 de nouvelles tendances que nous soutenons avec conviction : Qualit\u00e9, naturel, r\u00e9gionalit\u00e9 et responsabilit\u00e9.","robots":{"index":"index","follow":"follow","max-snippet":"max-snippet:-1","max-image-preview":"max-image-preview:large","max-video-preview":"max-video-preview:-1"},"canonical":"https:\/\/kraeuterschwein.ch\/fr\/la-difference\/","og_locale":"fr_FR","og_type":"article","og_title":"La Diff\u00e9rence | Kr\u00e4uterschwein","og_description":"La consommation de viande est soumise \u00e0 de nouvelles tendances que nous soutenons avec conviction : Qualit\u00e9, naturel, r\u00e9gionalit\u00e9 et responsabilit\u00e9.","og_url":"https:\/\/kraeuterschwein.ch\/fr\/la-difference\/","og_site_name":"Kr\u00e4uterschwein","article_modified_time":"2023-03-24T15:29:00+00:00","twitter_card":"summary","twitter_misc":{"Dur\u00e9e de lecture estim\u00e9e":"5 minutes"},"schema":{"@context":"https:\/\/schema.org","@graph":[{"@type":"WebPage","@id":"https:\/\/kraeuterschwein.ch\/fr\/la-difference\/","url":"https:\/\/kraeuterschwein.ch\/fr\/la-difference\/","name":"La Diff\u00e9rence | Kr\u00e4uterschwein","isPartOf":{"@id":"https:\/\/kraeuterschwein.ch\/fr\/#website"},"datePublished":"2016-05-10T20:50:28+00:00","dateModified":"2023-03-24T15:29:00+00:00","description":"La consommation de viande est soumise \u00e0 de nouvelles tendances que nous soutenons avec conviction : Qualit\u00e9, naturel, r\u00e9gionalit\u00e9 et responsabilit\u00e9.","breadcrumb":{"@id":"https:\/\/kraeuterschwein.ch\/fr\/la-difference\/#breadcrumb"},"inLanguage":"fr-FR","potentialAction":[{"@type":"ReadAction","target":["https:\/\/kraeuterschwein.ch\/fr\/la-difference\/"]}]},{"@type":"BreadcrumbList","@id":"https:\/\/kraeuterschwein.ch\/fr\/la-difference\/#breadcrumb","itemListElement":[{"@type":"ListItem","position":1,"name":"Home","item":"https:\/\/kraeuterschwein.ch\/fr\/"},{"@type":"ListItem","position":2,"name":"La Diff\u00e9rence"}]},{"@type":"WebSite","@id":"https:\/\/kraeuterschwein.ch\/fr\/#website","url":"https:\/\/kraeuterschwein.ch\/fr\/","name":"Kr\u00e4uterschwein","description":"Tout au naturel pour la meilleure des viandes","publisher":{"@id":"https:\/\/kraeuterschwein.ch\/fr\/#organization"},"potentialAction":[{"@type":"SearchAction","target":{"@type":"EntryPoint","urlTemplate":"https:\/\/kraeuterschwein.ch\/fr\/?s={search_term_string}"},"query-input":"required name=search_term_string"}],"inLanguage":"fr-FR"},{"@type":"Organization","@id":"https:\/\/kraeuterschwein.ch\/fr\/#organization","name":"Kr\u00e4uterschwein","url":"https:\/\/kraeuterschwein.ch\/fr\/","sameAs":[],"logo":{"@type":"ImageObject","inLanguage":"fr-FR","@id":"https:\/\/kraeuterschwein.ch\/fr\/#\/schema\/logo\/image\/","url":"https:\/\/kraeuterschwein.ch\/wp-content\/uploads\/2022\/05\/cropped-logo_schwein_icon.jpg","contentUrl":"https:\/\/kraeuterschwein.ch\/wp-content\/uploads\/2022\/05\/cropped-logo_schwein_icon.jpg","width":512,"height":512,"caption":"Kr\u00e4uterschwein"},"image":{"@id":"https:\/\/kraeuterschwein.ch\/fr\/#\/schema\/logo\/image\/"}}]}},"_links":{"self":[{"href":"https:\/\/kraeuterschwein.ch\/fr\/wp-json\/wp\/v2\/pages\/12034"}],"collection":[{"href":"https:\/\/kraeuterschwein.ch\/fr\/wp-json\/wp\/v2\/pages"}],"about":[{"href":"https:\/\/kraeuterschwein.ch\/fr\/wp-json\/wp\/v2\/types\/page"}],"author":[{"embeddable":true,"href":"https:\/\/kraeuterschwein.ch\/fr\/wp-json\/wp\/v2\/users\/13"}],"replies":[{"embeddable":true,"href":"https:\/\/kraeuterschwein.ch\/fr\/wp-json\/wp\/v2\/comments?post=12034"}],"version-history":[{"count":16,"href":"https:\/\/kraeuterschwein.ch\/fr\/wp-json\/wp\/v2\/pages\/12034\/revisions"}],"predecessor-version":[{"id":12218,"href":"https:\/\/kraeuterschwein.ch\/fr\/wp-json\/wp\/v2\/pages\/12034\/revisions\/12218"}],"wp:attachment":[{"href":"https:\/\/kraeuterschwein.ch\/fr\/wp-json\/wp\/v2\/media?parent=12034"}],"curies":[{"name":"wp","href":"https:\/\/api.w.org\/{rel}","templated":true}]}}