{"id":12077,"date":"2022-04-26T11:30:38","date_gmt":"2022-04-26T09:30:38","guid":{"rendered":"https:\/\/kraeuterschwein.ch\/produits-de-longue-conservation\/"},"modified":"2023-03-24T16:29:43","modified_gmt":"2023-03-24T15:29:43","slug":"produits-de-longue-conservation","status":"publish","type":"page","link":"https:\/\/kraeuterschwein.ch\/fr\/produits-de-longue-conservation\/","title":{"rendered":"Produits de longue conservation"},"content":{"rendered":"[vc_row css_animation=\u00a0\u00bb\u00a0\u00bb row_type=\u00a0\u00bbrow\u00a0\u00bb use_row_as_full_screen_section=\u00a0\u00bbno\u00a0\u00bb type=\u00a0\u00bbfull_width\u00a0\u00bb angled_section=\u00a0\u00bbno\u00a0\u00bb text_align=\u00a0\u00bbleft\u00a0\u00bb background_image_as_pattern=\u00a0\u00bbwithout_pattern\u00a0\u00bb][vc_column width=\u00a0\u00bb1\/2&Prime;][vc_gallery interval=\u00a0\u00bb5&Prime; images=\u00a0\u00bb11933,11935,11936,11942,11944,11945,11937,11939,11940,11948,11947,11952&Prime; img_size=\u00a0\u00bb1200&#215;900&Prime; direction_nav=\u00a0\u00bbyes\u00a0\u00bb control_nav=\u00a0\u00bbyes\u00a0\u00bb show_image_description=\u00a0\u00bbyes\u00a0\u00bb pause_on_hover=\u00a0\u00bbyes\u00a0\u00bb][\/vc_column][vc_column width=\u00a0\u00bb1\/2&Prime;][vc_single_image image=\u00a0\u00bb12019&Prime; img_size=\u00a0\u00bb151&#215;120&Prime; alignment=\u00a0\u00bbcenter\u00a0\u00bb qode_css_animation=\u00a0\u00bb\u00a0\u00bb][vc_empty_space][vc_column_text]Faites votre choix parmi de d\u00e9licieux produits de longue conservation comme la coppa, le jambon, le lard ou le salami. En toute simplicit\u00e9 dans la nouvelle boutique en ligne de Produits Epagny.[\/vc_column_text][vc_empty_space][vc_column_text]\n<p style=\"text-align: center;\"><a href=\"https:\/\/www.produits-epagny.shop\/\" class=\"su-button su-button-style-flat\" style=\"color:#FFFFFF;background-color:#c89454;border-color:#a07744;border-radius:0px;-moz-border-radius:0px;-webkit-border-radius:0px\" target=\"_blank\" rel=\"noopener noreferrer\"><span style=\"color:#FFFFFF;padding:9px 30px;font-size:22px;line-height:33px;border-color:#d9b588;border-radius:0px;-moz-border-radius:0px;-webkit-border-radius:0px;text-shadow:none;-moz-text-shadow:none;-webkit-text-shadow:none\"><i class=\"sui sui-external-link\" style=\"font-size:22px;color:#FFFFFF\"><\/i> Aller au shop en ligne<\/span><\/a>\n[\/vc_column_text][vc_empty_space][\/vc_column][\/vc_row][vc_row css_animation=\u00a0\u00bb\u00a0\u00bb row_type=\u00a0\u00bbrow\u00a0\u00bb use_row_as_full_screen_section=\u00a0\u00bbno\u00a0\u00bb type=\u00a0\u00bbfull_width\u00a0\u00bb angled_section=\u00a0\u00bbno\u00a0\u00bb text_align=\u00a0\u00bbleft\u00a0\u00bb background_image_as_pattern=\u00a0\u00bbwithout_pattern\u00a0\u00bb][vc_column][vc_empty_space height=\u00a0\u00bb10px\u00a0\u00bb][vc_separator type=\u00a0\u00bbnormal\u00a0\u00bb][vc_empty_space height=\u00a0\u00bb50px\u00a0\u00bb][\/vc_column][\/vc_row][vc_row css_animation=\u00a0\u00bb\u00a0\u00bb row_type=\u00a0\u00bbrow\u00a0\u00bb use_row_as_full_screen_section=\u00a0\u00bbno\u00a0\u00bb type=\u00a0\u00bbfull_width\u00a0\u00bb angled_section=\u00a0\u00bbno\u00a0\u00bb text_align=\u00a0\u00bbleft\u00a0\u00bb background_image_as_pattern=\u00a0\u00bbwithout_pattern\u00a0\u00bb][vc_column width=\u00a0\u00bb1\/2&Prime;][vc_gallery interval=\u00a0\u00bb5&Prime; images=\u00a0\u00bb11913,11908,11914,11909,11915,11910,11916,11912&Prime; img_size=\u00a0\u00bb800&#215;500&Prime; direction_nav=\u00a0\u00bbyes\u00a0\u00bb control_nav=\u00a0\u00bbyes\u00a0\u00bb show_image_description=\u00a0\u00bbyes\u00a0\u00bb pause_on_hover=\u00a0\u00bbyes\u00a0\u00bb][\/vc_column][vc_column width=\u00a0\u00bb1\/2&Prime;][vc_single_image image=\u00a0\u00bb11918&Prime; img_size=\u00a0\u00bbmedium\u00a0\u00bb alignment=\u00a0\u00bbcenter\u00a0\u00bb qode_css_animation=\u00a0\u00bb\u00a0\u00bb][vc_empty_space][vc_column_text]Depuis 1991, Eier Meier livre aux m\u00e9nages priv\u00e9s des \u0153ufs frais de la ferme et de nombreux autres produits de qualit\u00e9. Dans la galerie d&rsquo;images, vous pouvez voir quelques exemples de l&rsquo;assortiment. Profitez d\u00e8s aujourd\u2019hui de ce service exclusif et faites-vous livrer \u00e0 domicile les d\u00e9licieux produits \u00e0 base de viande aux herbes en m\u00eame temps que les \u0153ufs suisses de poules \u00e9lev\u00e9es en plein air![\/vc_column_text][vc_empty_space][vc_column_text]\n<p style=\"text-align: center;\"><a href=\"https:\/\/www.eiermeier.ch\/produkte.html\" class=\"su-button su-button-style-flat\" style=\"color:#FFFFFF;background-color:#c89454;border-color:#a07744;border-radius:0px;-moz-border-radius:0px;-webkit-border-radius:0px\" target=\"_blank\" rel=\"noopener noreferrer\"><span style=\"color:#FFFFFF;padding:9px 30px;font-size:22px;line-height:33px;border-color:#d9b588;border-radius:0px;-moz-border-radius:0px;-webkit-border-radius:0px;text-shadow:none;-moz-text-shadow:none;-webkit-text-shadow:none\"><i class=\"sui sui-external-link\" style=\"font-size:22px;color:#FFFFFF\"><\/i> Aller au shop en ligne<\/span><\/a>\n[\/vc_column_text][vc_empty_space][\/vc_column][\/vc_row][vc_row css_animation=\u00a0\u00bb\u00a0\u00bb row_type=\u00a0\u00bbrow\u00a0\u00bb use_row_as_full_screen_section=\u00a0\u00bbno\u00a0\u00bb type=\u00a0\u00bbfull_width\u00a0\u00bb angled_section=\u00a0\u00bbno\u00a0\u00bb text_align=\u00a0\u00bbleft\u00a0\u00bb background_image_as_pattern=\u00a0\u00bbwithout_pattern\u00a0\u00bb][vc_column][vc_empty_space height=\u00a0\u00bb10px\u00a0\u00bb][vc_separator type=\u00a0\u00bbnormal\u00a0\u00bb][vc_empty_space height=\u00a0\u00bb10px\u00a0\u00bb][\/vc_column][\/vc_row][vc_row css_animation=\u00a0\u00bb\u00a0\u00bb row_type=\u00a0\u00bbrow\u00a0\u00bb use_row_as_full_screen_section=\u00a0\u00bbno\u00a0\u00bb type=\u00a0\u00bbfull_width\u00a0\u00bb angled_section=\u00a0\u00bbno\u00a0\u00bb text_align=\u00a0\u00bbleft\u00a0\u00bb background_image_as_pattern=\u00a0\u00bbwithout_pattern\u00a0\u00bb][vc_column width=\u00a0\u00bb1\/2&Prime;][vc_empty_space height=\u00a0\u00bb33px\u00a0\u00bb][\/vc_column][vc_column width=\u00a0\u00bb1\/2&Prime;][vc_empty_space height=\u00a0\u00bb33px\u00a0\u00bb][vc_column_text]\n<h3>D\u2019autres revendeurs suivront \u2026<\/h3>\n<p>&nbsp;<\/p>\n<p>Consultez r\u00e9guli\u00e8rement notre site pour d\u00e9couvrir les nouveaux fournisseurs de nos produits de longue conservation, comme le salami, le lard, la coppa ou le jambon.[\/vc_column_text][vc_empty_space][\/vc_column][\/vc_row][vc_row css_animation=\u00a0\u00bb\u00a0\u00bb row_type=\u00a0\u00bbrow\u00a0\u00bb use_row_as_full_screen_section=\u00a0\u00bbno\u00a0\u00bb type=\u00a0\u00bbfull_width\u00a0\u00bb angled_section=\u00a0\u00bbno\u00a0\u00bb text_align=\u00a0\u00bbleft\u00a0\u00bb background_image_as_pattern=\u00a0\u00bbwithout_pattern\u00a0\u00bb][vc_column][vc_empty_space height=\u00a0\u00bb100px\u00a0\u00bb][\/vc_column][\/vc_row]\n","protected":false},"excerpt":{"rendered":"<p>[vc_row css_animation=\u00a0\u00bb\u00a0\u00bb row_type=\u00a0\u00bbrow\u00a0\u00bb use_row_as_full_screen_section=\u00a0\u00bbno\u00a0\u00bb type=\u00a0\u00bbfull_width\u00a0\u00bb angled_section=\u00a0\u00bbno\u00a0\u00bb text_align=\u00a0\u00bbleft\u00a0\u00bb background_image_as_pattern=\u00a0\u00bbwithout_pattern\u00a0\u00bb][vc_column width=\u00a0\u00bb1\/2&Prime;][vc_gallery interval=\u00a0\u00bb5&Prime; images=\u00a0\u00bb11933,11935,11936,11942,11944,11945,11937,11939,11940,11948,11947,11952&Prime; img_size=\u00a0\u00bb1200&#215;900&Prime; direction_nav=\u00a0\u00bbyes\u00a0\u00bb control_nav=\u00a0\u00bbyes\u00a0\u00bb show_image_description=\u00a0\u00bbyes\u00a0\u00bb pause_on_hover=\u00a0\u00bbyes\u00a0\u00bb][\/vc_column][vc_column width=\u00a0\u00bb1\/2&Prime;][vc_single_image image=\u00a0\u00bb12019&Prime; img_size=\u00a0\u00bb151&#215;120&Prime; alignment=\u00a0\u00bbcenter\u00a0\u00bb qode_css_animation=\u00a0\u00bb\u00a0\u00bb][vc_empty_space][vc_column_text]Faites votre choix parmi de d\u00e9licieux produits de longue conservation comme la coppa, le jambon, le lard ou le salami. En toute simplicit\u00e9 dans la&#8230;<\/p>\n","protected":false},"author":13,"featured_media":0,"parent":0,"menu_order":0,"comment_status":"closed","ping_status":"closed","template":"","meta":[],"yoast_head":"<!-- This site is optimized with the Yoast SEO plugin v19.6 - https:\/\/yoast.com\/wordpress\/plugins\/seo\/ -->\n<title>Produits de longue conservation | Kr\u00e4uterschwein<\/title>\n<meta name=\"robots\" content=\"index, follow, max-snippet:-1, max-image-preview:large, max-video-preview:-1\" \/>\n<link rel=\"canonical\" href=\"https:\/\/kraeuterschwein.ch\/fr\/produits-de-longue-conservation\/\" \/>\n<meta property=\"og:locale\" content=\"fr_FR\" \/>\n<meta property=\"og:type\" content=\"article\" \/>\n<meta property=\"og:title\" content=\"Produits de longue conservation | Kr\u00e4uterschwein\" \/>\n<meta property=\"og:description\" content=\"[vc_row css_animation=\u00a0\u00bb\u00a0\u00bb row_type=\u00a0\u00bbrow\u00a0\u00bb use_row_as_full_screen_section=\u00a0\u00bbno\u00a0\u00bb type=\u00a0\u00bbfull_width\u00a0\u00bb angled_section=\u00a0\u00bbno\u00a0\u00bb text_align=\u00a0\u00bbleft\u00a0\u00bb background_image_as_pattern=\u00a0\u00bbwithout_pattern\u00a0\u00bb][vc_column width=\u00a0\u00bb1\/2&Prime;][vc_gallery interval=\u00a0\u00bb5&Prime; images=\u00a0\u00bb11933,11935,11936,11942,11944,11945,11937,11939,11940,11948,11947,11952&Prime; img_size=\u00a0\u00bb1200&#215;900&Prime; direction_nav=\u00a0\u00bbyes\u00a0\u00bb control_nav=\u00a0\u00bbyes\u00a0\u00bb show_image_description=\u00a0\u00bbyes\u00a0\u00bb pause_on_hover=\u00a0\u00bbyes\u00a0\u00bb][\/vc_column][vc_column width=\u00a0\u00bb1\/2&Prime;][vc_single_image image=\u00a0\u00bb12019&Prime; img_size=\u00a0\u00bb151&#215;120&Prime; alignment=\u00a0\u00bbcenter\u00a0\u00bb qode_css_animation=\u00a0\u00bb\u00a0\u00bb][vc_empty_space][vc_column_text]Faites votre choix parmi de d\u00e9licieux produits de longue conservation comme la coppa, le jambon, le lard ou le salami. En toute simplicit\u00e9 dans la...\" \/>\n<meta property=\"og:url\" content=\"https:\/\/kraeuterschwein.ch\/fr\/produits-de-longue-conservation\/\" \/>\n<meta property=\"og:site_name\" content=\"Kr\u00e4uterschwein\" \/>\n<meta property=\"article:modified_time\" content=\"2023-03-24T15:29:43+00:00\" \/>\n<meta name=\"twitter:card\" content=\"summary\" \/>\n<meta name=\"twitter:label1\" content=\"Dur\u00e9e de lecture estim\u00e9e\" \/>\n\t<meta name=\"twitter:data1\" content=\"2 minutes\" \/>\n<script type=\"application\/ld+json\" class=\"yoast-schema-graph\">{\"@context\":\"https:\/\/schema.org\",\"@graph\":[{\"@type\":\"WebPage\",\"@id\":\"https:\/\/kraeuterschwein.ch\/fr\/produits-de-longue-conservation\/\",\"url\":\"https:\/\/kraeuterschwein.ch\/fr\/produits-de-longue-conservation\/\",\"name\":\"Produits de longue conservation | Kr\u00e4uterschwein\",\"isPartOf\":{\"@id\":\"https:\/\/kraeuterschwein.ch\/fr\/#website\"},\"datePublished\":\"2022-04-26T09:30:38+00:00\",\"dateModified\":\"2023-03-24T15:29:43+00:00\",\"breadcrumb\":{\"@id\":\"https:\/\/kraeuterschwein.ch\/fr\/produits-de-longue-conservation\/#breadcrumb\"},\"inLanguage\":\"fr-FR\",\"potentialAction\":[{\"@type\":\"ReadAction\",\"target\":[\"https:\/\/kraeuterschwein.ch\/fr\/produits-de-longue-conservation\/\"]}]},{\"@type\":\"BreadcrumbList\",\"@id\":\"https:\/\/kraeuterschwein.ch\/fr\/produits-de-longue-conservation\/#breadcrumb\",\"itemListElement\":[{\"@type\":\"ListItem\",\"position\":1,\"name\":\"Home\",\"item\":\"https:\/\/kraeuterschwein.ch\/fr\/\"},{\"@type\":\"ListItem\",\"position\":2,\"name\":\"Produits de longue conservation\"}]},{\"@type\":\"WebSite\",\"@id\":\"https:\/\/kraeuterschwein.ch\/fr\/#website\",\"url\":\"https:\/\/kraeuterschwein.ch\/fr\/\",\"name\":\"Kr\u00e4uterschwein\",\"description\":\"Tout au naturel pour la meilleure des viandes\",\"publisher\":{\"@id\":\"https:\/\/kraeuterschwein.ch\/fr\/#organization\"},\"potentialAction\":[{\"@type\":\"SearchAction\",\"target\":{\"@type\":\"EntryPoint\",\"urlTemplate\":\"https:\/\/kraeuterschwein.ch\/fr\/?s={search_term_string}\"},\"query-input\":\"required name=search_term_string\"}],\"inLanguage\":\"fr-FR\"},{\"@type\":\"Organization\",\"@id\":\"https:\/\/kraeuterschwein.ch\/fr\/#organization\",\"name\":\"Kr\u00e4uterschwein\",\"url\":\"https:\/\/kraeuterschwein.ch\/fr\/\",\"sameAs\":[],\"logo\":{\"@type\":\"ImageObject\",\"inLanguage\":\"fr-FR\",\"@id\":\"https:\/\/kraeuterschwein.ch\/fr\/#\/schema\/logo\/image\/\",\"url\":\"https:\/\/kraeuterschwein.ch\/wp-content\/uploads\/2022\/05\/cropped-logo_schwein_icon.jpg\",\"contentUrl\":\"https:\/\/kraeuterschwein.ch\/wp-content\/uploads\/2022\/05\/cropped-logo_schwein_icon.jpg\",\"width\":512,\"height\":512,\"caption\":\"Kr\u00e4uterschwein\"},\"image\":{\"@id\":\"https:\/\/kraeuterschwein.ch\/fr\/#\/schema\/logo\/image\/\"}}]}<\/script>\n<!-- \/ Yoast SEO plugin. -->","yoast_head_json":{"title":"Produits de longue conservation | Kr\u00e4uterschwein","robots":{"index":"index","follow":"follow","max-snippet":"max-snippet:-1","max-image-preview":"max-image-preview:large","max-video-preview":"max-video-preview:-1"},"canonical":"https:\/\/kraeuterschwein.ch\/fr\/produits-de-longue-conservation\/","og_locale":"fr_FR","og_type":"article","og_title":"Produits de longue conservation | Kr\u00e4uterschwein","og_description":"[vc_row css_animation=\u00a0\u00bb\u00a0\u00bb row_type=\u00a0\u00bbrow\u00a0\u00bb use_row_as_full_screen_section=\u00a0\u00bbno\u00a0\u00bb type=\u00a0\u00bbfull_width\u00a0\u00bb angled_section=\u00a0\u00bbno\u00a0\u00bb text_align=\u00a0\u00bbleft\u00a0\u00bb background_image_as_pattern=\u00a0\u00bbwithout_pattern\u00a0\u00bb][vc_column width=\u00a0\u00bb1\/2&Prime;][vc_gallery interval=\u00a0\u00bb5&Prime; images=\u00a0\u00bb11933,11935,11936,11942,11944,11945,11937,11939,11940,11948,11947,11952&Prime; img_size=\u00a0\u00bb1200&#215;900&Prime; direction_nav=\u00a0\u00bbyes\u00a0\u00bb control_nav=\u00a0\u00bbyes\u00a0\u00bb show_image_description=\u00a0\u00bbyes\u00a0\u00bb pause_on_hover=\u00a0\u00bbyes\u00a0\u00bb][\/vc_column][vc_column width=\u00a0\u00bb1\/2&Prime;][vc_single_image image=\u00a0\u00bb12019&Prime; img_size=\u00a0\u00bb151&#215;120&Prime; alignment=\u00a0\u00bbcenter\u00a0\u00bb qode_css_animation=\u00a0\u00bb\u00a0\u00bb][vc_empty_space][vc_column_text]Faites votre choix parmi de d\u00e9licieux produits de longue conservation comme la coppa, le jambon, le lard ou le salami. En toute simplicit\u00e9 dans la...","og_url":"https:\/\/kraeuterschwein.ch\/fr\/produits-de-longue-conservation\/","og_site_name":"Kr\u00e4uterschwein","article_modified_time":"2023-03-24T15:29:43+00:00","twitter_card":"summary","twitter_misc":{"Dur\u00e9e de lecture estim\u00e9e":"2 minutes"},"schema":{"@context":"https:\/\/schema.org","@graph":[{"@type":"WebPage","@id":"https:\/\/kraeuterschwein.ch\/fr\/produits-de-longue-conservation\/","url":"https:\/\/kraeuterschwein.ch\/fr\/produits-de-longue-conservation\/","name":"Produits de longue conservation | Kr\u00e4uterschwein","isPartOf":{"@id":"https:\/\/kraeuterschwein.ch\/fr\/#website"},"datePublished":"2022-04-26T09:30:38+00:00","dateModified":"2023-03-24T15:29:43+00:00","breadcrumb":{"@id":"https:\/\/kraeuterschwein.ch\/fr\/produits-de-longue-conservation\/#breadcrumb"},"inLanguage":"fr-FR","potentialAction":[{"@type":"ReadAction","target":["https:\/\/kraeuterschwein.ch\/fr\/produits-de-longue-conservation\/"]}]},{"@type":"BreadcrumbList","@id":"https:\/\/kraeuterschwein.ch\/fr\/produits-de-longue-conservation\/#breadcrumb","itemListElement":[{"@type":"ListItem","position":1,"name":"Home","item":"https:\/\/kraeuterschwein.ch\/fr\/"},{"@type":"ListItem","position":2,"name":"Produits de longue conservation"}]},{"@type":"WebSite","@id":"https:\/\/kraeuterschwein.ch\/fr\/#website","url":"https:\/\/kraeuterschwein.ch\/fr\/","name":"Kr\u00e4uterschwein","description":"Tout au naturel pour la meilleure des viandes","publisher":{"@id":"https:\/\/kraeuterschwein.ch\/fr\/#organization"},"potentialAction":[{"@type":"SearchAction","target":{"@type":"EntryPoint","urlTemplate":"https:\/\/kraeuterschwein.ch\/fr\/?s={search_term_string}"},"query-input":"required name=search_term_string"}],"inLanguage":"fr-FR"},{"@type":"Organization","@id":"https:\/\/kraeuterschwein.ch\/fr\/#organization","name":"Kr\u00e4uterschwein","url":"https:\/\/kraeuterschwein.ch\/fr\/","sameAs":[],"logo":{"@type":"ImageObject","inLanguage":"fr-FR","@id":"https:\/\/kraeuterschwein.ch\/fr\/#\/schema\/logo\/image\/","url":"https:\/\/kraeuterschwein.ch\/wp-content\/uploads\/2022\/05\/cropped-logo_schwein_icon.jpg","contentUrl":"https:\/\/kraeuterschwein.ch\/wp-content\/uploads\/2022\/05\/cropped-logo_schwein_icon.jpg","width":512,"height":512,"caption":"Kr\u00e4uterschwein"},"image":{"@id":"https:\/\/kraeuterschwein.ch\/fr\/#\/schema\/logo\/image\/"}}]}},"_links":{"self":[{"href":"https:\/\/kraeuterschwein.ch\/fr\/wp-json\/wp\/v2\/pages\/12077"}],"collection":[{"href":"https:\/\/kraeuterschwein.ch\/fr\/wp-json\/wp\/v2\/pages"}],"about":[{"href":"https:\/\/kraeuterschwein.ch\/fr\/wp-json\/wp\/v2\/types\/page"}],"author":[{"embeddable":true,"href":"https:\/\/kraeuterschwein.ch\/fr\/wp-json\/wp\/v2\/users\/13"}],"replies":[{"embeddable":true,"href":"https:\/\/kraeuterschwein.ch\/fr\/wp-json\/wp\/v2\/comments?post=12077"}],"version-history":[{"count":36,"href":"https:\/\/kraeuterschwein.ch\/fr\/wp-json\/wp\/v2\/pages\/12077\/revisions"}],"predecessor-version":[{"id":12309,"href":"https:\/\/kraeuterschwein.ch\/fr\/wp-json\/wp\/v2\/pages\/12077\/revisions\/12309"}],"wp:attachment":[{"href":"https:\/\/kraeuterschwein.ch\/fr\/wp-json\/wp\/v2\/media?parent=12077"}],"curies":[{"name":"wp","href":"https:\/\/api.w.org\/{rel}","templated":true}]}}